{"id":2380,"date":"2025-02-14T15:47:47","date_gmt":"2025-02-14T15:47:47","guid":{"rendered":"https:\/\/remaplast.com.br\/wp\/?page_id=2380"},"modified":"2025-02-17T22:48:58","modified_gmt":"2025-02-17T22:48:58","slug":"blog","status":"publish","type":"page","link":"https:\/\/remaplast.com.br\/wp\/blog\/","title":{"rendered":"Blog"},"content":{"rendered":"\t\t<div data-elementor-type=\"wp-page\" data-elementor-id=\"2380\" class=\"elementor elementor-2380\" data-elementor-post-type=\"page\">\n\t\t\t\t\t\t<section data-particle_enable=\"false\" data-particle-mobile-disabled=\"false\" class=\"elementor-section elementor-top-section elementor-element elementor-element-dc1af04 elementor-section-boxed elementor-section-height-default elementor-section-height-default\" data-id=\"dc1af04\" data-element_type=\"section\" data-settings=\"{&quot;background_background&quot;:&quot;classic&quot;}\">\n\t\t\t\t\t\t<div class=\"elementor-container elementor-column-gap-default\">\n\t\t\t\t\t<div class=\"elementor-column elementor-col-100 elementor-top-column elementor-element elementor-element-1ffc791\" data-id=\"1ffc791\" data-element_type=\"column\">\n\t\t\t<div class=\"elementor-widget-wrap elementor-element-populated\">\n\t\t\t\t\t\t<section data-particle_enable=\"false\" data-particle-mobile-disabled=\"false\" class=\"elementor-section elementor-inner-section elementor-element elementor-element-fb6fb11 elementor-section-boxed elementor-section-height-default elementor-section-height-default\" data-id=\"fb6fb11\" data-element_type=\"section\">\n\t\t\t\t\t\t<div class=\"elementor-container elementor-column-gap-default\">\n\t\t\t\t\t<div class=\"elementor-column elementor-col-100 elementor-inner-column elementor-element elementor-element-500e527\" data-id=\"500e527\" data-element_type=\"column\">\n\t\t\t<div class=\"elementor-widget-wrap elementor-element-populated\">\n\t\t\t\t\t\t<div class=\"elementor-element elementor-element-7f42cc6 elementor-widget elementor-widget-heading\" data-id=\"7f42cc6\" data-element_type=\"widget\" data-widget_type=\"heading.default\">\n\t\t\t\t<div class=\"elementor-widget-container\">\n\t\t\t\t\t<h1 class=\"elementor-heading-title elementor-size-default\">BLOG<\/h1>\t\t\t\t<\/div>\n\t\t\t\t<\/div>\n\t\t\t\t\t<\/div>\n\t\t<\/div>\n\t\t\t\t\t<\/div>\n\t\t<\/section>\n\t\t\t\t\t<\/div>\n\t\t<\/div>\n\t\t\t\t\t<\/div>\n\t\t<\/section>\n\t\t\t\t<section data-particle_enable=\"false\" data-particle-mobile-disabled=\"false\" class=\"elementor-section elementor-top-section elementor-element elementor-element-6400f37 elementor-section-boxed elementor-section-height-default elementor-section-height-default\" data-id=\"6400f37\" data-element_type=\"section\">\n\t\t\t\t\t\t<div class=\"elementor-container elementor-column-gap-default\">\n\t\t\t\t\t<div class=\"elementor-column elementor-col-100 elementor-top-column elementor-element elementor-element-bf367d9\" data-id=\"bf367d9\" data-element_type=\"column\">\n\t\t\t<div class=\"elementor-widget-wrap elementor-element-populated\">\n\t\t\t\t\t\t<div class=\"elementor-element elementor-element-53e7f10 elementor-grid-3 elementor-grid-tablet-2 elementor-grid-mobile-1 elementor-widget elementor-widget-loop-grid\" data-id=\"53e7f10\" data-element_type=\"widget\" data-settings=\"{&quot;template_id&quot;:2389,&quot;_skin&quot;:&quot;post&quot;,&quot;columns&quot;:&quot;3&quot;,&quot;columns_tablet&quot;:&quot;2&quot;,&quot;columns_mobile&quot;:&quot;1&quot;,&quot;edit_handle_selector&quot;:&quot;[data-elementor-type=\\&quot;loop-item\\&quot;]&quot;,&quot;row_gap&quot;:{&quot;unit&quot;:&quot;px&quot;,&quot;size&quot;:&quot;&quot;,&quot;sizes&quot;:[]},&quot;row_gap_tablet&quot;:{&quot;unit&quot;:&quot;px&quot;,&quot;size&quot;:&quot;&quot;,&quot;sizes&quot;:[]},&quot;row_gap_mobile&quot;:{&quot;unit&quot;:&quot;px&quot;,&quot;size&quot;:&quot;&quot;,&quot;sizes&quot;:[]}}\" data-widget_type=\"loop-grid.post\">\n\t\t\t\t<div class=\"elementor-widget-container\">\n\t\t\t\t\t\t\t<div class=\"elementor-loop-container elementor-grid\">\n\t\t<style id=\"loop-2389\">.elementor-2389 .elementor-element.elementor-element-aff57c7 img{height:200px;object-fit:cover;object-position:center center;}.elementor-2389 .elementor-element.elementor-element-c375f3e .elementor-heading-title{font-family:\"Roboto\", Sans-serif;font-size:18px;font-weight:400;}.elementor-2389 .elementor-element.elementor-element-c375f3e .elementor-heading-title a:hover, .elementor-2389 .elementor-element.elementor-element-c375f3e .elementor-heading-title a:focus{color:#737373;}.elementor-2389 .elementor-element.elementor-element-6ef50d2 .elementor-heading-title{font-size:14px;color:#717171;}<\/style>\t\t<div data-elementor-type=\"loop-item\" data-elementor-id=\"2389\" class=\"elementor elementor-2389 e-loop-item e-loop-item-2867 post-2867 post type-post status-publish format-standard has-post-thumbnail hentry category-informativo tag-guerra-eua-ira tag-pe tag-pp tag-reciclado tag-remaplast tag-resina-plastico tag-tpe\" data-elementor-post-type=\"elementor_library\" data-custom-edit-handle=\"1\">\n\t\t\t\t\t<section data-particle_enable=\"false\" data-particle-mobile-disabled=\"false\" class=\"elementor-section elementor-top-section elementor-element elementor-element-7a0fd61 elementor-section-boxed elementor-section-height-default elementor-section-height-default\" data-id=\"7a0fd61\" data-element_type=\"section\">\n\t\t\t\t\t\t<div class=\"elementor-container elementor-column-gap-default\">\n\t\t\t\t\t<div class=\"elementor-column elementor-col-100 elementor-top-column elementor-element elementor-element-829912b\" data-id=\"829912b\" data-element_type=\"column\">\n\t\t\t<div class=\"elementor-widget-wrap elementor-element-populated\">\n\t\t\t\t\t\t<div class=\"elementor-element elementor-element-aff57c7 elementor-widget elementor-widget-theme-post-featured-image elementor-widget-image\" data-id=\"aff57c7\" data-element_type=\"widget\" data-widget_type=\"theme-post-featured-image.default\">\n\t\t\t\t<div class=\"elementor-widget-container\">\n\t\t\t\t\t\t\t\t\t\t\t\t\t\t\t<img fetchpriority=\"high\" decoding=\"async\" width=\"800\" height=\"450\" src=\"https:\/\/remaplast.com.br\/wp\/wp-content\/uploads\/2026\/04\/guerra-eua-ira-impacto-resina-plastico-brasil-1024x576.png\" class=\"attachment-large size-large wp-image-2868\" alt=\"Impacto da guerra EUA-Ir\u00e3 no mercado de pl\u00e1stico no Brasil\" srcset=\"https:\/\/remaplast.com.br\/wp\/wp-content\/uploads\/2026\/04\/guerra-eua-ira-impacto-resina-plastico-brasil-1024x576.png 1024w, https:\/\/remaplast.com.br\/wp\/wp-content\/uploads\/2026\/04\/guerra-eua-ira-impacto-resina-plastico-brasil-300x169.png 300w, https:\/\/remaplast.com.br\/wp\/wp-content\/uploads\/2026\/04\/guerra-eua-ira-impacto-resina-plastico-brasil-768x432.png 768w, https:\/\/remaplast.com.br\/wp\/wp-content\/uploads\/2026\/04\/guerra-eua-ira-impacto-resina-plastico-brasil.png 1113w\" sizes=\"(max-width: 800px) 100vw, 800px\" \/>\t\t\t\t\t\t\t\t\t\t\t\t\t\t\t<\/div>\n\t\t\t\t<\/div>\n\t\t\t\t<div class=\"elementor-element elementor-element-c375f3e elementor-widget elementor-widget-theme-post-title elementor-page-title elementor-widget-heading\" data-id=\"c375f3e\" data-element_type=\"widget\" data-widget_type=\"theme-post-title.default\">\n\t\t\t\t<div class=\"elementor-widget-container\">\n\t\t\t\t\t<h5 class=\"elementor-heading-title elementor-size-default\"><a href=\"https:\/\/remaplast.com.br\/wp\/guerra-eua-ira-mercado-plastico-brasil\/\">Guerra entre Estados Unidos e Ir\u00e3: o que muda para o mercado de pl\u00e1stico no Brasil<\/a><\/h5>\t\t\t\t<\/div>\n\t\t\t\t<\/div>\n\t\t\t\t<div class=\"elementor-element elementor-element-6ef50d2 elementor-widget elementor-widget-heading\" data-id=\"6ef50d2\" data-element_type=\"widget\" data-widget_type=\"heading.default\">\n\t\t\t\t<div class=\"elementor-widget-container\">\n\t\t\t\t\t<p class=\"elementor-heading-title elementor-size-default\">Publicado: 24\/04\/2026<\/p>\t\t\t\t<\/div>\n\t\t\t\t<\/div>\n\t\t\t\t\t<\/div>\n\t\t<\/div>\n\t\t\t\t\t<\/div>\n\t\t<\/section>\n\t\t\t\t<\/div>\n\t\t\t\t<div data-elementor-type=\"loop-item\" data-elementor-id=\"2389\" class=\"elementor elementor-2389 e-loop-item e-loop-item-2863 post-2863 post type-post status-publish format-standard has-post-thumbnail hentry category-informativo tag-remaplast tag-tpv-borracha-termoplastica-vulcanizada\" data-elementor-post-type=\"elementor_library\" data-custom-edit-handle=\"1\">\n\t\t\t\t\t<section data-particle_enable=\"false\" data-particle-mobile-disabled=\"false\" class=\"elementor-section elementor-top-section elementor-element elementor-element-7a0fd61 elementor-section-boxed elementor-section-height-default elementor-section-height-default\" data-id=\"7a0fd61\" data-element_type=\"section\">\n\t\t\t\t\t\t<div class=\"elementor-container elementor-column-gap-default\">\n\t\t\t\t\t<div class=\"elementor-column elementor-col-100 elementor-top-column elementor-element elementor-element-829912b\" data-id=\"829912b\" data-element_type=\"column\">\n\t\t\t<div class=\"elementor-widget-wrap elementor-element-populated\">\n\t\t\t\t\t\t<div class=\"elementor-element elementor-element-aff57c7 elementor-widget elementor-widget-theme-post-featured-image elementor-widget-image\" data-id=\"aff57c7\" data-element_type=\"widget\" data-widget_type=\"theme-post-featured-image.default\">\n\t\t\t\t<div class=\"elementor-widget-container\">\n\t\t\t\t\t\t\t\t\t\t\t\t\t\t\t<img decoding=\"async\" width=\"800\" height=\"821\" src=\"https:\/\/remaplast.com.br\/wp\/wp-content\/uploads\/2026\/02\/Captura-de-Tela-2026-02-25-as-17.03.44-998x1024.png\" class=\"attachment-large size-large wp-image-2864\" alt=\"\" srcset=\"https:\/\/remaplast.com.br\/wp\/wp-content\/uploads\/2026\/02\/Captura-de-Tela-2026-02-25-as-17.03.44-998x1024.png 998w, https:\/\/remaplast.com.br\/wp\/wp-content\/uploads\/2026\/02\/Captura-de-Tela-2026-02-25-as-17.03.44-293x300.png 293w, https:\/\/remaplast.com.br\/wp\/wp-content\/uploads\/2026\/02\/Captura-de-Tela-2026-02-25-as-17.03.44-768x788.png 768w, https:\/\/remaplast.com.br\/wp\/wp-content\/uploads\/2026\/02\/Captura-de-Tela-2026-02-25-as-17.03.44.png 1408w\" sizes=\"(max-width: 800px) 100vw, 800px\" \/>\t\t\t\t\t\t\t\t\t\t\t\t\t\t\t<\/div>\n\t\t\t\t<\/div>\n\t\t\t\t<div class=\"elementor-element elementor-element-c375f3e elementor-widget elementor-widget-theme-post-title elementor-page-title elementor-widget-heading\" data-id=\"c375f3e\" data-element_type=\"widget\" data-widget_type=\"theme-post-title.default\">\n\t\t\t\t<div class=\"elementor-widget-container\">\n\t\t\t\t\t<h5 class=\"elementor-heading-title elementor-size-default\"><a href=\"https:\/\/remaplast.com.br\/wp\/tpv-borracha-termoplastica-vulcanizada-o-que-e-o-famoso-santoprene-e-de-onde-veio-esse-nome\/\">TPV (Borracha Termopl\u00e1stica Vulcanizada): o que \u00e9 o famoso \u201cSantoprene\u201d e de onde veio esse nome?<\/a><\/h5>\t\t\t\t<\/div>\n\t\t\t\t<\/div>\n\t\t\t\t<div class=\"elementor-element elementor-element-6ef50d2 elementor-widget elementor-widget-heading\" data-id=\"6ef50d2\" data-element_type=\"widget\" data-widget_type=\"heading.default\">\n\t\t\t\t<div class=\"elementor-widget-container\">\n\t\t\t\t\t<p class=\"elementor-heading-title elementor-size-default\">Publicado: 17\/03\/2026<\/p>\t\t\t\t<\/div>\n\t\t\t\t<\/div>\n\t\t\t\t\t<\/div>\n\t\t<\/div>\n\t\t\t\t\t<\/div>\n\t\t<\/section>\n\t\t\t\t<\/div>\n\t\t\t\t<div data-elementor-type=\"loop-item\" data-elementor-id=\"2389\" class=\"elementor elementor-2389 e-loop-item e-loop-item-2860 post-2860 post type-post status-publish format-standard has-post-thumbnail hentry category-informativo tag-pvc-industrial tag-remaplast tag-tpe-industrial\" data-elementor-post-type=\"elementor_library\" data-custom-edit-handle=\"1\">\n\t\t\t\t\t<section data-particle_enable=\"false\" data-particle-mobile-disabled=\"false\" class=\"elementor-section elementor-top-section elementor-element elementor-element-7a0fd61 elementor-section-boxed elementor-section-height-default elementor-section-height-default\" data-id=\"7a0fd61\" data-element_type=\"section\">\n\t\t\t\t\t\t<div class=\"elementor-container elementor-column-gap-default\">\n\t\t\t\t\t<div class=\"elementor-column elementor-col-100 elementor-top-column elementor-element elementor-element-829912b\" data-id=\"829912b\" data-element_type=\"column\">\n\t\t\t<div class=\"elementor-widget-wrap elementor-element-populated\">\n\t\t\t\t\t\t<div class=\"elementor-element elementor-element-aff57c7 elementor-widget elementor-widget-theme-post-featured-image elementor-widget-image\" data-id=\"aff57c7\" data-element_type=\"widget\" data-widget_type=\"theme-post-featured-image.default\">\n\t\t\t\t<div class=\"elementor-widget-container\">\n\t\t\t\t\t\t\t\t\t\t\t\t\t\t\t<img decoding=\"async\" width=\"800\" height=\"530\" src=\"https:\/\/remaplast.com.br\/wp\/wp-content\/uploads\/2026\/02\/Captura-de-Tela-2026-02-25-as-17.01.26-1024x679.png\" class=\"attachment-large size-large wp-image-2861\" alt=\"\" srcset=\"https:\/\/remaplast.com.br\/wp\/wp-content\/uploads\/2026\/02\/Captura-de-Tela-2026-02-25-as-17.01.26-1024x679.png 1024w, https:\/\/remaplast.com.br\/wp\/wp-content\/uploads\/2026\/02\/Captura-de-Tela-2026-02-25-as-17.01.26-300x199.png 300w, https:\/\/remaplast.com.br\/wp\/wp-content\/uploads\/2026\/02\/Captura-de-Tela-2026-02-25-as-17.01.26-768x509.png 768w, https:\/\/remaplast.com.br\/wp\/wp-content\/uploads\/2026\/02\/Captura-de-Tela-2026-02-25-as-17.01.26.png 1176w\" sizes=\"(max-width: 800px) 100vw, 800px\" \/>\t\t\t\t\t\t\t\t\t\t\t\t\t\t\t<\/div>\n\t\t\t\t<\/div>\n\t\t\t\t<div class=\"elementor-element elementor-element-c375f3e elementor-widget elementor-widget-theme-post-title elementor-page-title elementor-widget-heading\" data-id=\"c375f3e\" data-element_type=\"widget\" data-widget_type=\"theme-post-title.default\">\n\t\t\t\t<div class=\"elementor-widget-container\">\n\t\t\t\t\t<h5 class=\"elementor-heading-title elementor-size-default\"><a href=\"https:\/\/remaplast.com.br\/wp\/pvc-industrial-x-tpe-industrial-qual-e-a-melhor-opcao-para-sua-peca\/\">PVC Industrial x TPE Industrial: qual \u00e9 a melhor op\u00e7\u00e3o para sua pe\u00e7a?<\/a><\/h5>\t\t\t\t<\/div>\n\t\t\t\t<\/div>\n\t\t\t\t<div class=\"elementor-element elementor-element-6ef50d2 elementor-widget elementor-widget-heading\" data-id=\"6ef50d2\" data-element_type=\"widget\" data-widget_type=\"heading.default\">\n\t\t\t\t<div class=\"elementor-widget-container\">\n\t\t\t\t\t<p class=\"elementor-heading-title elementor-size-default\">Publicado: 03\/03\/2026<\/p>\t\t\t\t<\/div>\n\t\t\t\t<\/div>\n\t\t\t\t\t<\/div>\n\t\t<\/div>\n\t\t\t\t\t<\/div>\n\t\t<\/section>\n\t\t\t\t<\/div>\n\t\t\t\t<div data-elementor-type=\"loop-item\" data-elementor-id=\"2389\" class=\"elementor elementor-2389 e-loop-item e-loop-item-2853 post-2853 post type-post status-publish format-standard has-post-thumbnail hentry category-informativo tag-remaplast tag-resina-industrial\" data-elementor-post-type=\"elementor_library\" data-custom-edit-handle=\"1\">\n\t\t\t\t\t<section data-particle_enable=\"false\" data-particle-mobile-disabled=\"false\" class=\"elementor-section elementor-top-section elementor-element elementor-element-7a0fd61 elementor-section-boxed elementor-section-height-default elementor-section-height-default\" data-id=\"7a0fd61\" data-element_type=\"section\">\n\t\t\t\t\t\t<div class=\"elementor-container elementor-column-gap-default\">\n\t\t\t\t\t<div class=\"elementor-column elementor-col-100 elementor-top-column elementor-element elementor-element-829912b\" data-id=\"829912b\" data-element_type=\"column\">\n\t\t\t<div class=\"elementor-widget-wrap elementor-element-populated\">\n\t\t\t\t\t\t<div class=\"elementor-element elementor-element-aff57c7 elementor-widget elementor-widget-theme-post-featured-image elementor-widget-image\" data-id=\"aff57c7\" data-element_type=\"widget\" data-widget_type=\"theme-post-featured-image.default\">\n\t\t\t\t<div class=\"elementor-widget-container\">\n\t\t\t\t\t\t\t\t\t\t\t\t\t\t\t<img loading=\"lazy\" decoding=\"async\" width=\"800\" height=\"533\" src=\"https:\/\/remaplast.com.br\/wp\/wp-content\/uploads\/2026\/01\/Captura-de-Tela-2026-01-08-as-17.25.26-1024x682.png\" class=\"attachment-large size-large wp-image-2854\" alt=\"\" srcset=\"https:\/\/remaplast.com.br\/wp\/wp-content\/uploads\/2026\/01\/Captura-de-Tela-2026-01-08-as-17.25.26-1024x682.png 1024w, https:\/\/remaplast.com.br\/wp\/wp-content\/uploads\/2026\/01\/Captura-de-Tela-2026-01-08-as-17.25.26-300x200.png 300w, https:\/\/remaplast.com.br\/wp\/wp-content\/uploads\/2026\/01\/Captura-de-Tela-2026-01-08-as-17.25.26-768x512.png 768w, https:\/\/remaplast.com.br\/wp\/wp-content\/uploads\/2026\/01\/Captura-de-Tela-2026-01-08-as-17.25.26-1536x1023.png 1536w, https:\/\/remaplast.com.br\/wp\/wp-content\/uploads\/2026\/01\/Captura-de-Tela-2026-01-08-as-17.25.26.png 1594w\" sizes=\"(max-width: 800px) 100vw, 800px\" \/>\t\t\t\t\t\t\t\t\t\t\t\t\t\t\t<\/div>\n\t\t\t\t<\/div>\n\t\t\t\t<div class=\"elementor-element elementor-element-c375f3e elementor-widget elementor-widget-theme-post-title elementor-page-title elementor-widget-heading\" data-id=\"c375f3e\" data-element_type=\"widget\" data-widget_type=\"theme-post-title.default\">\n\t\t\t\t<div class=\"elementor-widget-container\">\n\t\t\t\t\t<h5 class=\"elementor-heading-title elementor-size-default\"><a href=\"https:\/\/remaplast.com.br\/wp\/quando-posso-usar-uma-resina-industrial\/\">Quando posso usar uma resina industrial?<\/a><\/h5>\t\t\t\t<\/div>\n\t\t\t\t<\/div>\n\t\t\t\t<div class=\"elementor-element elementor-element-6ef50d2 elementor-widget elementor-widget-heading\" data-id=\"6ef50d2\" data-element_type=\"widget\" data-widget_type=\"heading.default\">\n\t\t\t\t<div class=\"elementor-widget-container\">\n\t\t\t\t\t<p class=\"elementor-heading-title elementor-size-default\">Publicado: 30\/01\/2026<\/p>\t\t\t\t<\/div>\n\t\t\t\t<\/div>\n\t\t\t\t\t<\/div>\n\t\t<\/div>\n\t\t\t\t\t<\/div>\n\t\t<\/section>\n\t\t\t\t<\/div>\n\t\t\t\t<div data-elementor-type=\"loop-item\" data-elementor-id=\"2389\" class=\"elementor elementor-2389 e-loop-item e-loop-item-2849 post-2849 post type-post status-publish format-standard has-post-thumbnail hentry category-informativo tag-plasticos-de-engenharia tag-remaplast\" data-elementor-post-type=\"elementor_library\" data-custom-edit-handle=\"1\">\n\t\t\t\t\t<section data-particle_enable=\"false\" data-particle-mobile-disabled=\"false\" class=\"elementor-section elementor-top-section elementor-element elementor-element-7a0fd61 elementor-section-boxed elementor-section-height-default elementor-section-height-default\" data-id=\"7a0fd61\" data-element_type=\"section\">\n\t\t\t\t\t\t<div class=\"elementor-container elementor-column-gap-default\">\n\t\t\t\t\t<div class=\"elementor-column elementor-col-100 elementor-top-column elementor-element elementor-element-829912b\" data-id=\"829912b\" data-element_type=\"column\">\n\t\t\t<div class=\"elementor-widget-wrap elementor-element-populated\">\n\t\t\t\t\t\t<div class=\"elementor-element elementor-element-aff57c7 elementor-widget elementor-widget-theme-post-featured-image elementor-widget-image\" data-id=\"aff57c7\" data-element_type=\"widget\" data-widget_type=\"theme-post-featured-image.default\">\n\t\t\t\t<div class=\"elementor-widget-container\">\n\t\t\t\t\t\t\t\t\t\t\t\t\t\t\t<img loading=\"lazy\" decoding=\"async\" width=\"800\" height=\"450\" src=\"https:\/\/remaplast.com.br\/wp\/wp-content\/uploads\/2026\/01\/Captura-de-Tela-2026-01-08-as-17.21.42-1024x576.png\" class=\"attachment-large size-large wp-image-2850\" alt=\"\" srcset=\"https:\/\/remaplast.com.br\/wp\/wp-content\/uploads\/2026\/01\/Captura-de-Tela-2026-01-08-as-17.21.42-1024x576.png 1024w, https:\/\/remaplast.com.br\/wp\/wp-content\/uploads\/2026\/01\/Captura-de-Tela-2026-01-08-as-17.21.42-300x169.png 300w, https:\/\/remaplast.com.br\/wp\/wp-content\/uploads\/2026\/01\/Captura-de-Tela-2026-01-08-as-17.21.42-768x432.png 768w, https:\/\/remaplast.com.br\/wp\/wp-content\/uploads\/2026\/01\/Captura-de-Tela-2026-01-08-as-17.21.42.png 1152w\" sizes=\"(max-width: 800px) 100vw, 800px\" \/>\t\t\t\t\t\t\t\t\t\t\t\t\t\t\t<\/div>\n\t\t\t\t<\/div>\n\t\t\t\t<div class=\"elementor-element elementor-element-c375f3e elementor-widget elementor-widget-theme-post-title elementor-page-title elementor-widget-heading\" data-id=\"c375f3e\" data-element_type=\"widget\" data-widget_type=\"theme-post-title.default\">\n\t\t\t\t<div class=\"elementor-widget-container\">\n\t\t\t\t\t<h5 class=\"elementor-heading-title elementor-size-default\"><a href=\"https:\/\/remaplast.com.br\/wp\/plasticos-de-engenharia-e-commodities-conheca-as-diferencas\/\">Pl\u00e1sticos de engenharia e Commodities: conhe\u00e7a as diferen\u00e7as<\/a><\/h5>\t\t\t\t<\/div>\n\t\t\t\t<\/div>\n\t\t\t\t<div class=\"elementor-element elementor-element-6ef50d2 elementor-widget elementor-widget-heading\" data-id=\"6ef50d2\" data-element_type=\"widget\" data-widget_type=\"heading.default\">\n\t\t\t\t<div class=\"elementor-widget-container\">\n\t\t\t\t\t<p class=\"elementor-heading-title elementor-size-default\">Publicado: 15\/01\/2026<\/p>\t\t\t\t<\/div>\n\t\t\t\t<\/div>\n\t\t\t\t\t<\/div>\n\t\t<\/div>\n\t\t\t\t\t<\/div>\n\t\t<\/section>\n\t\t\t\t<\/div>\n\t\t\t\t<div data-elementor-type=\"loop-item\" data-elementor-id=\"2389\" class=\"elementor elementor-2389 e-loop-item e-loop-item-2841 post-2841 post type-post status-publish format-standard has-post-thumbnail hentry category-uncategorized tag-plasticos tag-plasticos-mais-consumidos-no-mundo tag-remaplast\" data-elementor-post-type=\"elementor_library\" data-custom-edit-handle=\"1\">\n\t\t\t\t\t<section data-particle_enable=\"false\" data-particle-mobile-disabled=\"false\" class=\"elementor-section elementor-top-section elementor-element elementor-element-7a0fd61 elementor-section-boxed elementor-section-height-default elementor-section-height-default\" data-id=\"7a0fd61\" data-element_type=\"section\">\n\t\t\t\t\t\t<div class=\"elementor-container elementor-column-gap-default\">\n\t\t\t\t\t<div class=\"elementor-column elementor-col-100 elementor-top-column elementor-element elementor-element-829912b\" data-id=\"829912b\" data-element_type=\"column\">\n\t\t\t<div class=\"elementor-widget-wrap elementor-element-populated\">\n\t\t\t\t\t\t<div class=\"elementor-element elementor-element-aff57c7 elementor-widget elementor-widget-theme-post-featured-image elementor-widget-image\" data-id=\"aff57c7\" data-element_type=\"widget\" data-widget_type=\"theme-post-featured-image.default\">\n\t\t\t\t<div class=\"elementor-widget-container\">\n\t\t\t\t\t\t\t\t\t\t\t\t\t\t\t<img loading=\"lazy\" decoding=\"async\" width=\"740\" height=\"568\" src=\"https:\/\/remaplast.com.br\/wp\/wp-content\/uploads\/2025\/10\/Captura-de-Tela-2025-10-02-as-22.11.17.png\" class=\"attachment-large size-large wp-image-2842\" alt=\"\" srcset=\"https:\/\/remaplast.com.br\/wp\/wp-content\/uploads\/2025\/10\/Captura-de-Tela-2025-10-02-as-22.11.17.png 740w, https:\/\/remaplast.com.br\/wp\/wp-content\/uploads\/2025\/10\/Captura-de-Tela-2025-10-02-as-22.11.17-300x230.png 300w\" sizes=\"(max-width: 740px) 100vw, 740px\" \/>\t\t\t\t\t\t\t\t\t\t\t\t\t\t\t<\/div>\n\t\t\t\t<\/div>\n\t\t\t\t<div class=\"elementor-element elementor-element-c375f3e elementor-widget elementor-widget-theme-post-title elementor-page-title elementor-widget-heading\" data-id=\"c375f3e\" data-element_type=\"widget\" data-widget_type=\"theme-post-title.default\">\n\t\t\t\t<div class=\"elementor-widget-container\">\n\t\t\t\t\t<h5 class=\"elementor-heading-title elementor-size-default\"><a href=\"https:\/\/remaplast.com.br\/wp\/a-ciencia-de-uma-dos-plasticos-mais-consumidos-no-mundo-2\/\">A ci\u00eancia de uma dos pl\u00e1sticos mais consumidos no mundo<\/a><\/h5>\t\t\t\t<\/div>\n\t\t\t\t<\/div>\n\t\t\t\t<div class=\"elementor-element elementor-element-6ef50d2 elementor-widget elementor-widget-heading\" data-id=\"6ef50d2\" data-element_type=\"widget\" data-widget_type=\"heading.default\">\n\t\t\t\t<div class=\"elementor-widget-container\">\n\t\t\t\t\t<p class=\"elementor-heading-title elementor-size-default\">Publicado: 03\/10\/2025<\/p>\t\t\t\t<\/div>\n\t\t\t\t<\/div>\n\t\t\t\t\t<\/div>\n\t\t<\/div>\n\t\t\t\t\t<\/div>\n\t\t<\/section>\n\t\t\t\t<\/div>\n\t\t\t\t<\/div>\n\t\t\n\t\t\t\t\t\t<\/div>\n\t\t\t\t<\/div>\n\t\t\t\t\t<\/div>\n\t\t<\/div>\n\t\t\t\t\t<\/div>\n\t\t<\/section>\n\t\t\t\t<\/div>\n\t\t","protected":false},"excerpt":{"rendered":"<p>BLOG<\/p>\n","protected":false},"author":2,"featured_media":0,"parent":0,"menu_order":1,"comment_status":"closed","ping_status":"closed","template":"","meta":{"_acf_changed":false,"footnotes":""},"class_list":["post-2380","page","type-page","status-publish","hentry"],"acf":[],"_links":{"self":[{"href":"https:\/\/remaplast.com.br\/wp\/wp-json\/wp\/v2\/pages\/2380","targetHints":{"allow":["GET"]}}],"collection":[{"href":"https:\/\/remaplast.com.br\/wp\/wp-json\/wp\/v2\/pages"}],"about":[{"href":"https:\/\/remaplast.com.br\/wp\/wp-json\/wp\/v2\/types\/page"}],"author":[{"embeddable":true,"href":"https:\/\/remaplast.com.br\/wp\/wp-json\/wp\/v2\/users\/2"}],"replies":[{"embeddable":true,"href":"https:\/\/remaplast.com.br\/wp\/wp-json\/wp\/v2\/comments?post=2380"}],"version-history":[{"count":0,"href":"https:\/\/remaplast.com.br\/wp\/wp-json\/wp\/v2\/pages\/2380\/revisions"}],"wp:attachment":[{"href":"https:\/\/remaplast.com.br\/wp\/wp-json\/wp\/v2\/media?parent=2380"}],"curies":[{"name":"wp","href":"https:\/\/api.w.org\/{rel}","templated":true}]}}